{"id":243,"date":"2020-06-10T13:01:43","date_gmt":"2020-06-10T11:01:43","guid":{"rendered":"http:\/\/lapieldanza.com\/?page_id=243"},"modified":"2021-08-29T18:26:47","modified_gmt":"2021-08-29T16:26:47","slug":"formacion","status":"publish","type":"page","link":"https:\/\/lapieldanza.com\/index.php\/formacion\/","title":{"rendered":"FORMACI\u00d3N"},"content":{"rendered":"\t\t<div data-elementor-type=\"wp-page\" data-elementor-id=\"243\" class=\"elementor elementor-243\">\n\t\t\t\t\t\t<section class=\"elementor-section elementor-top-section elementor-element elementor-element-5131a13e elementor-section-boxed elementor-section-height-default elementor-section-height-default\" data-id=\"5131a13e\" data-element_type=\"section\" data-e-type=\"section\" data-settings=\"{&quot;background_background&quot;:&quot;classic&quot;}\">\n\t\t\t\t\t\t\t<div class=\"elementor-background-overlay\"><\/div>\n\t\t\t\t\t\t\t<div class=\"elementor-container elementor-column-gap-default\">\n\t\t\t\t\t<div class=\"elementor-column elementor-col-100 elementor-top-column elementor-element elementor-element-1053ca7a\" data-id=\"1053ca7a\" data-element_type=\"column\" data-e-type=\"column\">\n\t\t\t<div class=\"elementor-widget-wrap elementor-element-populated\">\n\t\t\t\t\t\t<div class=\"elementor-element elementor-element-3d99e122 elementor-widget elementor-widget-heading\" data-id=\"3d99e122\" data-element_type=\"widget\" data-e-type=\"widget\" data-widget_type=\"heading.default\">\n\t\t\t\t<div class=\"elementor-widget-container\">\n\t\t\t\t\t<h1 class=\"elementor-heading-title elementor-size-default\">Formaci\u00f3n<\/h1>\t\t\t\t<\/div>\n\t\t\t\t<\/div>\n\t\t\t\t\t<\/div>\n\t\t<\/div>\n\t\t\t\t\t<\/div>\n\t\t<\/section>\n\t\t\t\t<section class=\"elementor-section elementor-top-section elementor-element elementor-element-42492e9 elementor-section-boxed elementor-section-height-default elementor-section-height-default\" data-id=\"42492e9\" data-element_type=\"section\" data-e-type=\"section\">\n\t\t\t\t\t\t<div class=\"elementor-container elementor-column-gap-default\">\n\t\t\t\t\t<div class=\"elementor-column elementor-col-100 elementor-top-column elementor-element elementor-element-f731d12\" data-id=\"f731d12\" data-element_type=\"column\" data-e-type=\"column\">\n\t\t\t<div class=\"elementor-widget-wrap elementor-element-populated\">\n\t\t\t\t\t\t<section class=\"elementor-section elementor-inner-section elementor-element elementor-element-a64e002 elementor-section-boxed elementor-section-height-default elementor-section-height-default\" data-id=\"a64e002\" data-element_type=\"section\" data-e-type=\"section\">\n\t\t\t\t\t\t<div class=\"elementor-container elementor-column-gap-default\">\n\t\t\t\t\t<div class=\"elementor-column elementor-col-50 elementor-inner-column elementor-element elementor-element-4bc45c3\" data-id=\"4bc45c3\" data-element_type=\"column\" data-e-type=\"column\">\n\t\t\t<div class=\"elementor-widget-wrap elementor-element-populated\">\n\t\t\t\t\t\t<div class=\"elementor-element elementor-element-e2b7ce5 elementor-widget elementor-widget-image\" data-id=\"e2b7ce5\" data-element_type=\"widget\" data-e-type=\"widget\" data-widget_type=\"image.default\">\n\t\t\t\t<div class=\"elementor-widget-container\">\n\t\t\t\t\t\t\t\t\t\t\t\t\t\t\t<img fetchpriority=\"high\" decoding=\"async\" width=\"385\" height=\"385\" src=\"https:\/\/lapieldanza.com\/wp-content\/uploads\/2021\/08\/Jose-1-e1590359800708.jpg\" class=\"attachment-large size-large wp-image-696\" alt=\"\" srcset=\"https:\/\/lapieldanza.com\/wp-content\/uploads\/2021\/08\/Jose-1-e1590359800708.jpg 385w, https:\/\/lapieldanza.com\/wp-content\/uploads\/2021\/08\/Jose-1-e1590359800708-300x300.jpg 300w, https:\/\/lapieldanza.com\/wp-content\/uploads\/2021\/08\/Jose-1-e1590359800708-150x150.jpg 150w\" sizes=\"(max-width: 385px) 100vw, 385px\" \/>\t\t\t\t\t\t\t\t\t\t\t\t\t\t\t<\/div>\n\t\t\t\t<\/div>\n\t\t\t\t\t<\/div>\n\t\t<\/div>\n\t\t\t\t<div class=\"elementor-column elementor-col-50 elementor-inner-column elementor-element elementor-element-8ef990c\" data-id=\"8ef990c\" data-element_type=\"column\" data-e-type=\"column\">\n\t\t\t<div class=\"elementor-widget-wrap elementor-element-populated\">\n\t\t\t\t\t\t<div class=\"elementor-element elementor-element-aed00ae elementor-widget elementor-widget-heading\" data-id=\"aed00ae\" data-element_type=\"widget\" data-e-type=\"widget\" data-widget_type=\"heading.default\">\n\t\t\t\t<div class=\"elementor-widget-container\">\n\t\t\t\t\t<h1 class=\"elementor-heading-title elementor-size-default\">Touching air - Jos\u00e9 Reches<\/h1>\t\t\t\t<\/div>\n\t\t\t\t<\/div>\n\t\t\t\t<div class=\"elementor-element elementor-element-73f1443 elementor-widget elementor-widget-text-editor\" data-id=\"73f1443\" data-element_type=\"widget\" data-e-type=\"widget\" data-widget_type=\"text-editor.default\">\n\t\t\t\t<div class=\"elementor-widget-container\">\n\t\t\t\t\t\t\t\t\t<p>El objetivo b\u00e1sico de \u00abTocando el aire\u00bb es preparar el cuerpo del bailar\u00edn para un espectro amplio de posibilidades de movimiento, en t\u00e9rminos de forma, din\u00e1micas o calidades. En el desarrollo de la clase trabajaremos de forma espec\u00edfica la percepci\u00f3n del peso y sus intensidades, tanto en el suelo como en la vertical. Evolucionaremos por la propulsi\u00f3n del cuerpo, ca\u00eddas, elementos acrob\u00e1ticos, recuperaciones y suspensiones, siempre en una b\u00fasqueda de la fluidez y vol\u00famenes del movimiento en los diferentes niveles espaciales. Todo ello sin olvidarnos de la orientaci\u00f3n y traslado del cuerpo, teniendo como g\u00e9nesis de movimiento la flexibilidad de la columna vertebral.<\/p>\t\t\t\t\t\t\t\t<\/div>\n\t\t\t\t<\/div>\n\t\t\t\t\t<\/div>\n\t\t<\/div>\n\t\t\t\t\t<\/div>\n\t\t<\/section>\n\t\t\t\t\t<\/div>\n\t\t<\/div>\n\t\t\t\t\t<\/div>\n\t\t<\/section>\n\t\t\t\t<section class=\"elementor-section elementor-top-section elementor-element elementor-element-030c205 elementor-section-boxed elementor-section-height-default elementor-section-height-default\" data-id=\"030c205\" data-element_type=\"section\" data-e-type=\"section\">\n\t\t\t\t\t\t<div class=\"elementor-container elementor-column-gap-default\">\n\t\t\t\t\t<div class=\"elementor-column elementor-col-100 elementor-top-column elementor-element elementor-element-de54577\" data-id=\"de54577\" data-element_type=\"column\" data-e-type=\"column\">\n\t\t\t<div class=\"elementor-widget-wrap elementor-element-populated\">\n\t\t\t\t\t\t<section class=\"elementor-section elementor-inner-section elementor-element elementor-element-9e59848 elementor-section-boxed elementor-section-height-default elementor-section-height-default\" data-id=\"9e59848\" data-element_type=\"section\" data-e-type=\"section\">\n\t\t\t\t\t\t<div class=\"elementor-container elementor-column-gap-default\">\n\t\t\t\t\t<div class=\"elementor-column elementor-col-50 elementor-inner-column elementor-element elementor-element-decf6d3\" data-id=\"decf6d3\" data-element_type=\"column\" data-e-type=\"column\">\n\t\t\t<div class=\"elementor-widget-wrap elementor-element-populated\">\n\t\t\t\t\t\t<div class=\"elementor-element elementor-element-39f74ff elementor-widget elementor-widget-heading\" data-id=\"39f74ff\" data-element_type=\"widget\" data-e-type=\"widget\" data-widget_type=\"heading.default\">\n\t\t\t\t<div class=\"elementor-widget-container\">\n\t\t\t\t\t<h1 class=\"elementor-heading-title elementor-size-default\">Improvisaci\u00f3n guiada - Luis Agorreta<\/h1>\t\t\t\t<\/div>\n\t\t\t\t<\/div>\n\t\t\t\t<div class=\"elementor-element elementor-element-f135faf elementor-widget elementor-widget-text-editor\" data-id=\"f135faf\" data-element_type=\"widget\" data-e-type=\"widget\" data-widget_type=\"text-editor.default\">\n\t\t\t\t<div class=\"elementor-widget-container\">\n\t\t\t\t\t\t\t\t\t<p>Trabajo sobre las cualidades del movimiento, en un flujo continuo en que que experimentar con la movilidad, la comunicaci\u00f3n y la emoci\u00f3n desde el respeto al cuerpo. La expresi\u00f3n personal del int\u00e9rprete se funde a lo largo de los ejercicios con la relaci\u00f3n con el espacio y el resto de bailarines.<\/p>\t\t\t\t\t\t\t\t<\/div>\n\t\t\t\t<\/div>\n\t\t\t\t\t<\/div>\n\t\t<\/div>\n\t\t\t\t<div class=\"elementor-column elementor-col-50 elementor-inner-column elementor-element elementor-element-b2ca1a3\" data-id=\"b2ca1a3\" data-element_type=\"column\" data-e-type=\"column\">\n\t\t\t<div class=\"elementor-widget-wrap elementor-element-populated\">\n\t\t\t\t\t\t<div class=\"elementor-element elementor-element-7661966 elementor-widget elementor-widget-image\" data-id=\"7661966\" data-element_type=\"widget\" data-e-type=\"widget\" data-widget_type=\"image.default\">\n\t\t\t\t<div class=\"elementor-widget-container\">\n\t\t\t\t\t\t\t\t\t\t\t\t\t\t\t<img decoding=\"async\" width=\"300\" height=\"300\" src=\"https:\/\/lapieldanza.com\/wp-content\/uploads\/2021\/08\/Luis-1024x1024-1-300x300.png\" class=\"attachment-medium size-medium wp-image-710\" alt=\"\" srcset=\"https:\/\/lapieldanza.com\/wp-content\/uploads\/2021\/08\/Luis-1024x1024-1-300x300.png 300w, https:\/\/lapieldanza.com\/wp-content\/uploads\/2021\/08\/Luis-1024x1024-1.png 1024w, https:\/\/lapieldanza.com\/wp-content\/uploads\/2021\/08\/Luis-1024x1024-1-150x150.png 150w, https:\/\/lapieldanza.com\/wp-content\/uploads\/2021\/08\/Luis-1024x1024-1-768x768.png 768w\" sizes=\"(max-width: 300px) 100vw, 300px\" \/>\t\t\t\t\t\t\t\t\t\t\t\t\t\t\t<\/div>\n\t\t\t\t<\/div>\n\t\t\t\t\t<\/div>\n\t\t<\/div>\n\t\t\t\t\t<\/div>\n\t\t<\/section>\n\t\t\t\t\t<\/div>\n\t\t<\/div>\n\t\t\t\t\t<\/div>\n\t\t<\/section>\n\t\t\t\t<section class=\"elementor-section elementor-top-section elementor-element elementor-element-60a7700 elementor-section-boxed elementor-section-height-default elementor-section-height-default\" data-id=\"60a7700\" data-element_type=\"section\" data-e-type=\"section\">\n\t\t\t\t\t\t<div class=\"elementor-container elementor-column-gap-default\">\n\t\t\t\t\t<div class=\"elementor-column elementor-col-100 elementor-top-column elementor-element elementor-element-06984f2\" data-id=\"06984f2\" data-element_type=\"column\" data-e-type=\"column\">\n\t\t\t<div class=\"elementor-widget-wrap elementor-element-populated\">\n\t\t\t\t\t\t<section class=\"elementor-section elementor-inner-section elementor-element elementor-element-d716e16 elementor-section-boxed elementor-section-height-default elementor-section-height-default\" data-id=\"d716e16\" data-element_type=\"section\" data-e-type=\"section\">\n\t\t\t\t\t\t<div class=\"elementor-container elementor-column-gap-wider\">\n\t\t\t\t\t<div class=\"elementor-column elementor-col-50 elementor-inner-column elementor-element elementor-element-f9638e5\" data-id=\"f9638e5\" data-element_type=\"column\" data-e-type=\"column\">\n\t\t\t<div class=\"elementor-widget-wrap elementor-element-populated\">\n\t\t\t\t\t\t<div class=\"elementor-element elementor-element-11d2e7e elementor-widget elementor-widget-image\" data-id=\"11d2e7e\" data-element_type=\"widget\" data-e-type=\"widget\" data-widget_type=\"image.default\">\n\t\t\t\t<div class=\"elementor-widget-container\">\n\t\t\t\t\t\t\t\t\t\t\t\t\t\t\t<img decoding=\"async\" width=\"1024\" height=\"682\" src=\"https:\/\/lapieldanza.com\/wp-content\/uploads\/2020\/06\/DSC_7787-1024x682.jpg\" class=\"attachment-large size-large wp-image-260\" alt=\"\" srcset=\"https:\/\/lapieldanza.com\/wp-content\/uploads\/2020\/06\/DSC_7787-1024x682.jpg 1024w, https:\/\/lapieldanza.com\/wp-content\/uploads\/2020\/06\/DSC_7787-300x200.jpg 300w, https:\/\/lapieldanza.com\/wp-content\/uploads\/2020\/06\/DSC_7787-768x511.jpg 768w, https:\/\/lapieldanza.com\/wp-content\/uploads\/2020\/06\/DSC_7787-1536x1022.jpg 1536w, https:\/\/lapieldanza.com\/wp-content\/uploads\/2020\/06\/DSC_7787-2048x1363.jpg 2048w\" sizes=\"(max-width: 1024px) 100vw, 1024px\" \/>\t\t\t\t\t\t\t\t\t\t\t\t\t\t\t<\/div>\n\t\t\t\t<\/div>\n\t\t\t\t\t<\/div>\n\t\t<\/div>\n\t\t\t\t<div class=\"elementor-column elementor-col-50 elementor-inner-column elementor-element elementor-element-65a392f\" data-id=\"65a392f\" data-element_type=\"column\" data-e-type=\"column\">\n\t\t\t<div class=\"elementor-widget-wrap elementor-element-populated\">\n\t\t\t\t\t\t<div class=\"elementor-element elementor-element-08d4351 elementor-widget elementor-widget-heading\" data-id=\"08d4351\" data-element_type=\"widget\" data-e-type=\"widget\" data-widget_type=\"heading.default\">\n\t\t\t\t<div class=\"elementor-widget-container\">\n\t\t\t\t\t<h1 class=\"elementor-heading-title elementor-size-default\">Partnering contempor\u00e1neo-Jos\u00e9 Reches y Luis Agorreta<\/h1>\t\t\t\t<\/div>\n\t\t\t\t<\/div>\n\t\t\t\t<div class=\"elementor-element elementor-element-414f745 elementor-widget elementor-widget-text-editor\" data-id=\"414f745\" data-element_type=\"widget\" data-e-type=\"widget\" data-widget_type=\"text-editor.default\">\n\t\t\t\t<div class=\"elementor-widget-container\">\n\t\t\t\t\t\t\t\t\t<p>Aprendizaje espec\u00edfico del movimiento en pareja en el que se buscan la coordinaci\u00f3n en las cogidas y en todo el movimiento bailado, manteniendo siempre alg\u00fan tipo de conexi\u00f3n con la pareja. Trabajaremos diferentes tipos de agarres y el aprovechamiento de las inercias corporales, entre otras. Tambi\u00e9n se incluir\u00e1n secuencias coreogr\u00e1ficas bailadas que contengan los port\u00e9s de forma pr\u00e1ctica.<\/p>\t\t\t\t\t\t\t\t<\/div>\n\t\t\t\t<\/div>\n\t\t\t\t\t<\/div>\n\t\t<\/div>\n\t\t\t\t\t<\/div>\n\t\t<\/section>\n\t\t\t\t\t<\/div>\n\t\t<\/div>\n\t\t\t\t\t<\/div>\n\t\t<\/section>\n\t\t\t\t<\/div>\n\t\t","protected":false},"excerpt":{"rendered":"<p>Formaci\u00f3n Touching air &#8211; Jos\u00e9 Reches El objetivo b\u00e1sico de \u00abTocando el aire\u00bb es preparar el cuerpo del bailar\u00edn para un espectro amplio de posibilidades de movimiento, en t\u00e9rminos de forma, din\u00e1micas o calidades. En el desarrollo de la clase trabajaremos de forma espec\u00edfica la percepci\u00f3n del peso y sus intensidades, tanto en el suelo [&hellip;]<\/p>\n","protected":false},"author":1,"featured_media":0,"parent":0,"menu_order":0,"comment_status":"closed","ping_status":"closed","template":"","meta":{"site-sidebar-layout":"no-sidebar","site-content-layout":"page-builder","ast-site-content-layout":"","site-content-style":"default","site-sidebar-style":"default","ast-global-header-display":"","ast-banner-title-visibility":"","ast-main-header-display":"","ast-hfb-above-header-display":"","ast-hfb-below-header-display":"","ast-hfb-mobile-header-display":"","site-post-title":"disabled","ast-breadcrumbs-content":"","ast-featured-img":"","footer-sml-layout":"","theme-transparent-header-meta":"enabled","adv-header-id-meta":"","stick-header-meta":"","header-above-stick-meta":"","header-main-stick-meta":"","header-below-stick-meta":"","astra-migrate-meta-layouts":"default","ast-page-background-enabled":"default","ast-page-background-meta":{"desktop":{"background-color":"var(--ast-global-color-4)","background-image":"","background-repeat":"repeat","background-position":"center center","background-size":"auto","background-attachment":"scroll","background-type":"","background-media":"","overlay-type":"","overlay-color":"","overlay-opacity":"","overlay-gradient":""},"tablet":{"background-color":"","background-image":"","background-repeat":"repeat","background-position":"center center","background-size":"auto","background-attachment":"scroll","background-type":"","background-media":"","overlay-type":"","overlay-color":"","overlay-opacity":"","overlay-gradient":""},"mobile":{"background-color":"","background-image":"","background-repeat":"repeat","background-position":"center center","background-size":"auto","background-attachment":"scroll","background-type":"","background-media":"","overlay-type":"","overlay-color":"","overlay-opacity":"","overlay-gradient":""}},"ast-content-background-meta":{"desktop":{"background-color":"var(--ast-global-color-5)","background-image":"","background-repeat":"repeat","background-position":"center center","background-size":"auto","background-attachment":"scroll","background-type":"","background-media":"","overlay-type":"","overlay-color":"","overlay-opacity":"","overlay-gradient":""},"tablet":{"background-color":"var(--ast-global-color-5)","background-image":"","background-repeat":"repeat","background-position":"center center","background-size":"auto","background-attachment":"scroll","background-type":"","background-media":"","overlay-type":"","overlay-color":"","overlay-opacity":"","overlay-gradient":""},"mobile":{"background-color":"var(--ast-global-color-5)","background-image":"","background-repeat":"repeat","background-position":"center center","background-size":"auto","background-attachment":"scroll","background-type":"","background-media":"","overlay-type":"","overlay-color":"","overlay-opacity":"","overlay-gradient":""}},"footnotes":""},"class_list":["post-243","page","type-page","status-publish","hentry"],"_links":{"self":[{"href":"https:\/\/lapieldanza.com\/index.php\/wp-json\/wp\/v2\/pages\/243","targetHints":{"allow":["GET"]}}],"collection":[{"href":"https:\/\/lapieldanza.com\/index.php\/wp-json\/wp\/v2\/pages"}],"about":[{"href":"https:\/\/lapieldanza.com\/index.php\/wp-json\/wp\/v2\/types\/page"}],"author":[{"embeddable":true,"href":"https:\/\/lapieldanza.com\/index.php\/wp-json\/wp\/v2\/users\/1"}],"replies":[{"embeddable":true,"href":"https:\/\/lapieldanza.com\/index.php\/wp-json\/wp\/v2\/comments?post=243"}],"version-history":[{"count":19,"href":"https:\/\/lapieldanza.com\/index.php\/wp-json\/wp\/v2\/pages\/243\/revisions"}],"predecessor-version":[{"id":713,"href":"https:\/\/lapieldanza.com\/index.php\/wp-json\/wp\/v2\/pages\/243\/revisions\/713"}],"wp:attachment":[{"href":"https:\/\/lapieldanza.com\/index.php\/wp-json\/wp\/v2\/media?parent=243"}],"curies":[{"name":"wp","href":"https:\/\/api.w.org\/{rel}","templated":true}]}}